{"id":1710,"date":"2021-11-21T15:14:19","date_gmt":"2021-11-21T15:14:19","guid":{"rendered":"https:\/\/ondrejtest.site\/?page_id=1710"},"modified":"2025-02-23T23:53:05","modified_gmt":"2025-02-23T22:53:05","slug":"about","status":"publish","type":"page","link":"https:\/\/bopgarage.cz\/?page_id=1710","title":{"rendered":"O n\u00e1s"},"content":{"rendered":"\t\t<div data-elementor-type=\"wp-page\" data-elementor-id=\"1710\" class=\"elementor elementor-1710\">\n\t\t\t\t\t\t\t<div class=\"elementor-element elementor-element-049992a e-flex e-con-boxed e-con e-parent\" data-id=\"049992a\" data-element_type=\"container\" data-settings=\"{&quot;content_width&quot;:&quot;boxed&quot;}\" data-core-v316-plus=\"true\">\n\t\t\t\t\t<div class=\"e-con-inner\">\n\t\t\t\t<div class=\"elementor-element elementor-element-dc0e6bc elementor-widget elementor-widget-heading\" data-id=\"dc0e6bc\" data-element_type=\"widget\" data-widget_type=\"heading.default\">\n\t\t\t\t<div class=\"elementor-widget-container\">\n\t\t\t<style>\/*! elementor - v3.18.0 - 08-12-2023 *\/\n.elementor-heading-title{padding:0;margin:0;line-height:1}.elementor-widget-heading .elementor-heading-title[class*=elementor-size-]>a{color:inherit;font-size:inherit;line-height:inherit}.elementor-widget-heading .elementor-heading-title.elementor-size-small{font-size:15px}.elementor-widget-heading .elementor-heading-title.elementor-size-medium{font-size:19px}.elementor-widget-heading .elementor-heading-title.elementor-size-large{font-size:29px}.elementor-widget-heading .elementor-heading-title.elementor-size-xl{font-size:39px}.elementor-widget-heading .elementor-heading-title.elementor-size-xxl{font-size:59px}<\/style><h1 class=\"elementor-heading-title elementor-size-default\">Kdo jsme?<\/h1>\t\t<\/div>\n\t\t\t\t<\/div>\n\t\t\t\t<div class=\"elementor-element elementor-element-a527b1a elementor-widget elementor-widget-text-editor\" data-id=\"a527b1a\" data-element_type=\"widget\" data-widget_type=\"text-editor.default\">\n\t\t\t\t<div class=\"elementor-widget-container\">\n\t\t\t<style>\/*! elementor - v3.18.0 - 08-12-2023 *\/\n.elementor-widget-text-editor.elementor-drop-cap-view-stacked .elementor-drop-cap{background-color:#69727d;color:#fff}.elementor-widget-text-editor.elementor-drop-cap-view-framed .elementor-drop-cap{color:#69727d;border:3px solid;background-color:transparent}.elementor-widget-text-editor:not(.elementor-drop-cap-view-default) .elementor-drop-cap{margin-top:8px}.elementor-widget-text-editor:not(.elementor-drop-cap-view-default) .elementor-drop-cap-letter{width:1em;height:1em}.elementor-widget-text-editor .elementor-drop-cap{float:left;text-align:center;line-height:1;font-size:50px}.elementor-widget-text-editor .elementor-drop-cap-letter{display:inline-block}<\/style>\t\t\t\t<p style=\"text-align: center;\">Na\u0161e detailingov\u00e1 gar\u00e1\u017e se nach\u00e1z\u00ed v Jiho\u010desk\u00e9m kraji v okrese \u010cesk\u00e9 Bud\u011bjovice. Specializujeme se na komplexn\u00ed slu\u017eby v oblasti detailingu historick\u00fdch vozidel.<\/p><p style=\"text-align: center;\">Na\u0161\u00edm hlavn\u00edm c\u00edlem je eliminovat zastaral\u00e9 a chybn\u00e9 postupy p\u0159i \u010di\u0161t\u011bn\u00ed a myt\u00ed vozidel. Proto v cen\u00edku nenaleznete b\u011b\u017en\u00e9 programy za myt\u00ed, ale individu\u00e1ln\u00ed a pestr\u00e9 slu\u017eby, abychom va\u0161emu vozidlu dok\u00e1zali vr\u00e1tit jeho p\u016fvodn\u00ed lesk a kr\u00e1su.<\/p>\t\t\t\t\t\t<\/div>\n\t\t\t\t<\/div>\n\t\t\t\t<div class=\"elementor-element elementor-element-dbdd503 elementor-widget elementor-widget-image\" data-id=\"dbdd503\" data-element_type=\"widget\" data-widget_type=\"image.default\">\n\t\t\t\t<div class=\"elementor-widget-container\">\n\t\t\t<style>\/*! elementor - v3.18.0 - 08-12-2023 *\/\n.elementor-widget-image{text-align:center}.elementor-widget-image a{display:inline-block}.elementor-widget-image a img[src$=\".svg\"]{width:48px}.elementor-widget-image img{vertical-align:middle;display:inline-block}<\/style>\t\t\t\t\t\t\t\t\t\t\t\t<img fetchpriority=\"high\" decoding=\"async\" width=\"1024\" height=\"509\" src=\"https:\/\/bopgarage.cz\/wp-content\/uploads\/2024\/02\/cadillac2.png\" class=\"attachment-large size-large wp-image-2438\" alt=\"\" \/>\t\t\t\t\t\t\t\t\t\t\t\t\t\t\t<\/div>\n\t\t\t\t<\/div>\n\t\t\t\t<div class=\"elementor-element elementor-element-272d11d elementor-widget elementor-widget-text-editor\" data-id=\"272d11d\" data-element_type=\"widget\" data-widget_type=\"text-editor.default\">\n\t\t\t\t<div class=\"elementor-widget-container\">\n\t\t\t\t\t\t\t<p style=\"text-align: center;\">Hlavn\u00ed my\u0161lenka projektu BOP Garage byla v\u011bnovat se kompletn\u00edm renovac\u00edm veter\u00e1n\u016f. Brzy jsme v\u0161ak zjistili, \u017ee na tuto odbornost nem\u00e1me dostatek zku\u0161enost\u00ed ani pat\u0159i\u010dn\u00e9 vybaven\u00ed \u010di vhodn\u00e9 prostory. P\u0159em\u00fd\u0161leli jsme tedy jak\u00fdm jin\u00fdm zp\u016fsobem bychom se mohli o historick\u00e1 vozidla starat.<\/p><p style=\"text-align: center;\">Ze v\u0161ech mo\u017en\u00fdch variant n\u00e1s nejv\u00edce zaujala problematika t\u00fdkaj\u00edc\u00ed se korekce a le\u0161t\u011bn\u00ed laku u star\u0161\u00edch vozidel. Za\u010dali jsme se tak\u00e9 zaj\u00edmat o postupy p\u0159i le\u0161t\u011bn\u00ed chromu, hlin\u00edku a zaj\u00edmav\u00e9 bylo tak\u00e9 \u010di\u0161t\u011bn\u00ed r\u016fzn\u00fdch druh\u016f materi\u00e1l\u016f a povrch\u016f v dobov\u00fdch interi\u00e9rech vozidel.<\/p><p style=\"text-align: center;\">Na\u0161li jsme tedy p\u00e1r mo\u017enost\u00ed, jak bychom se mohli o historick\u00e1 vozidla starat, ale co d\u00e1l?<\/p>\t\t\t\t\t\t<\/div>\n\t\t\t\t<\/div>\n\t\t\t\t<div class=\"elementor-element elementor-element-7a8765a elementor-widget elementor-widget-image\" data-id=\"7a8765a\" data-element_type=\"widget\" data-widget_type=\"image.default\">\n\t\t\t\t<div class=\"elementor-widget-container\">\n\t\t\t\t\t\t\t\t\t\t\t\t\t\t\t<img decoding=\"async\" width=\"1024\" height=\"418\" src=\"https:\/\/bopgarage.cz\/wp-content\/uploads\/2024\/02\/onas3.png\" class=\"attachment-large size-large wp-image-2455\" alt=\"\" \/>\t\t\t\t\t\t\t\t\t\t\t\t\t\t\t<\/div>\n\t\t\t\t<\/div>\n\t\t\t\t<div class=\"elementor-element elementor-element-19574c2 elementor-widget elementor-widget-text-editor\" data-id=\"19574c2\" data-element_type=\"widget\" data-widget_type=\"text-editor.default\">\n\t\t\t\t<div class=\"elementor-widget-container\">\n\t\t\t\t\t\t\t<p style=\"text-align: center;\">V roce 2023 jsme se za\u010dali z\u00fa\u010dast\u0148ovat r\u016fzn\u00fdch detailingov\u00fdch \u0161kolen\u00ed, kter\u00e9 sice byly velice p\u0159\u00ednosn\u00e9, ale z drtiv\u00e9 v\u011bt\u0161iny zam\u011b\u0159en\u00e9 na modern\u00ed vozidla. Detailing historick\u00fdch vozidel je ale naprosto odli\u0161n\u00fd od dne\u0161n\u00edch modern\u00edch postup\u016f.<\/p><p style=\"text-align: center;\">Nezb\u00fdvalo n\u00e1m tedy nic jin\u00e9ho, ne\u017e si za\u010d\u00edt sami zji\u0161\u0165ovat informace o spr\u00e1vn\u00fdch postupech p\u0159i \u010di\u0161t\u011bn\u00ed historick\u00fdch vozidel a n\u00e1sledn\u011b tyto postupy aplikovat, nejd\u0159\u00edve na na\u0161em vlastn\u00edm, a pozd\u011bji na vozidlech p\u0159\u00e1tel, kte\u0159\u00ed byli ochotn\u00ed n\u00e1m sv\u00e9 veter\u00e1ny sv\u011b\u0159it.<\/p><p style=\"text-align: center;\">Za to jim pat\u0159\u00ed ohromn\u00fd d\u00edk a p\u0159edev\u0161\u00edm d\u00edky nim jsme m\u011bli mo\u017enost ve\u0161ker\u00e9 z\u00edskan\u00e9 v\u011bdomosti prom\u011bnit ve zku\u0161enosti a n\u00e1\u0161 sen pe\u010dovat o historick\u00e1 vozidla prom\u011bnit ve skute\u010dnost<\/p>\t\t\t\t\t\t<\/div>\n\t\t\t\t<\/div>\n\t\t\t\t<div class=\"elementor-element elementor-element-c4bedd9 elementor-widget elementor-widget-image\" data-id=\"c4bedd9\" data-element_type=\"widget\" data-widget_type=\"image.default\">\n\t\t\t\t<div class=\"elementor-widget-container\">\n\t\t\t\t\t\t\t\t\t\t\t\t\t\t\t<img decoding=\"async\" width=\"1024\" height=\"526\" src=\"https:\/\/bopgarage.cz\/wp-content\/uploads\/2024\/02\/cadillac3.png\" class=\"attachment-large size-large wp-image-2447\" alt=\"\" \/>\t\t\t\t\t\t\t\t\t\t\t\t\t\t\t<\/div>\n\t\t\t\t<\/div>\n\t\t\t\t<div class=\"elementor-element elementor-element-340f3a2 elementor-widget elementor-widget-text-editor\" data-id=\"340f3a2\" data-element_type=\"widget\" data-widget_type=\"text-editor.default\">\n\t\t\t\t<div class=\"elementor-widget-container\">\n\t\t\t\t\t\t\t<p style=\"text-align: center;\">Dovolte n\u00e1m postarat se i o va\u0161e vozidlo. Nab\u00edz\u00edme profesion\u00e1ln\u00ed p\u0159\u00edstup, nav\u00edc s respektem a \u00factou k historii va\u0161eho vozidla. K vozidlu budeme v\u017edy p\u0159istupovat tak, jako by bylo na\u0161e vlastn\u00ed.<\/p><p style=\"text-align: center;\">Pou\u017e\u00edv\u00e1me pouze tu nejkvalitn\u011bj\u0161\u00ed autokosmetiku z USA, pro kterou m\u00e1me certifikovan\u00e9 opr\u00e1vn\u011bn\u00ed k u\u017e\u00edv\u00e1n\u00ed pro profesion\u00e1ln\u00ed \u010dinnost.<\/p><p style=\"text-align: center;\">V\u00fdsledky na\u0161\u00ed pr\u00e1ce m\u016f\u017eete sledovat a podpo\u0159it na soci\u00e1ln\u00edch s\u00edt\u00edch FB a Instagram.<\/p>\t\t\t\t\t\t<\/div>\n\t\t\t\t<\/div>\n\t\t\t\t\t<\/div>\n\t\t\t\t<\/div>\n\t\t<div class=\"elementor-element elementor-element-1833de5 e-flex e-con-boxed e-con e-parent\" data-id=\"1833de5\" data-element_type=\"container\" data-settings=\"{&quot;content_width&quot;:&quot;boxed&quot;}\" data-core-v316-plus=\"true\">\n\t\t\t\t\t<div class=\"e-con-inner\">\n\t\t\t\t<div class=\"elementor-element elementor-element-cf55a06 elementor-widget elementor-widget-heading\" data-id=\"cf55a06\" data-element_type=\"widget\" data-widget_type=\"heading.default\">\n\t\t\t\t<div class=\"elementor-widget-container\">\n\t\t\t<h2 class=\"elementor-heading-title elementor-size-default\">Na\u0161e certifikace<\/h2>\t\t<\/div>\n\t\t\t\t<\/div>\n\t\t\t\t\t<\/div>\n\t\t\t\t<\/div>\n\t\t<div class=\"elementor-element elementor-element-b2c6cf3 e-flex e-con-boxed e-con e-parent\" data-id=\"b2c6cf3\" data-element_type=\"container\" data-settings=\"{&quot;content_width&quot;:&quot;boxed&quot;}\" data-core-v316-plus=\"true\">\n\t\t\t\t\t<div class=\"e-con-inner\">\n\t\t\t\t<div class=\"elementor-element elementor-element-79f5c88 elementor-widget elementor-widget-image\" data-id=\"79f5c88\" data-element_type=\"widget\" data-widget_type=\"image.default\">\n\t\t\t\t<div class=\"elementor-widget-container\">\n\t\t\t\t\t\t\t\t\t\t\t\t\t\t\t<img loading=\"lazy\" decoding=\"async\" width=\"900\" height=\"900\" src=\"https:\/\/bopgarage.cz\/wp-content\/uploads\/2024\/02\/IMG_0816.png\" class=\"attachment-large size-large wp-image-2499\" alt=\"\" \/>\t\t\t\t\t\t\t\t\t\t\t\t\t\t\t<\/div>\n\t\t\t\t<\/div>\n\t\t\t\t<div class=\"elementor-element elementor-element-f347ccc elementor-widget elementor-widget-text-editor\" data-id=\"f347ccc\" data-element_type=\"widget\" data-widget_type=\"text-editor.default\">\n\t\t\t\t<div class=\"elementor-widget-container\">\n\t\t\t\t\t\t\t<p>Smart Detailing University \u2013 Basic of Detailing \/ Z\u00e1klady detailingu<\/p><p>Smart Detailing University \u2013 Intro to Buffing &amp; Polishing \/ Le\u0161t\u011bn\u00ed a korekce lak\u016f<\/p><p>Smart Detailing University \u2013 Master Profi Training \/ Profesion\u00e1ln\u00ed detailing<\/p>\t\t\t\t\t\t<\/div>\n\t\t\t\t<\/div>\n\t\t\t\t<div class=\"elementor-element elementor-element-5f0f8d5 elementor-widget elementor-widget-image\" data-id=\"5f0f8d5\" data-element_type=\"widget\" data-widget_type=\"image.default\">\n\t\t\t\t<div class=\"elementor-widget-container\">\n\t\t\t\t\t\t\t\t\t\t\t\t\t\t\t<img loading=\"lazy\" decoding=\"async\" width=\"600\" height=\"365\" src=\"https:\/\/bopgarage.cz\/wp-content\/uploads\/2024\/02\/meguiras.png\" class=\"attachment-large size-large wp-image-2426\" alt=\"\" \/>\t\t\t\t\t\t\t\t\t\t\t\t\t\t\t<\/div>\n\t\t\t\t<\/div>\n\t\t\t\t<div class=\"elementor-element elementor-element-3469aa7 elementor-widget elementor-widget-text-editor\" data-id=\"3469aa7\" data-element_type=\"widget\" data-widget_type=\"text-editor.default\">\n\t\t\t\t<div class=\"elementor-widget-container\">\n\t\t\t\t\t\t\t<p>Meguiar\u00b4s Advanced Detailing Class \/ Pokro\u010dil\u00e9 detailingov\u00e9 \u0161kolen\u00ed<\/p>\t\t\t\t\t\t<\/div>\n\t\t\t\t<\/div>\n\t\t\t\t\t<\/div>\n\t\t\t\t<\/div>\n\t\t\t\t\t\t\t<\/div>\n\t\t","protected":false},"excerpt":{"rendered":"<p>Kdo jsme? Na\u0161e detailingov\u00e1 gar\u00e1\u017e se nach\u00e1z\u00ed v Jiho\u010desk\u00e9m kraji v okrese \u010cesk\u00e9 Bud\u011bjovice. Specializujeme se na komplexn\u00ed slu\u017eby v oblasti detailingu historick\u00fdch vozidel. Na\u0161\u00edm hlavn\u00edm c\u00edlem je eliminovat zastaral\u00e9 a chybn\u00e9 postupy p\u0159i \u010di\u0161t\u011bn\u00ed a myt\u00ed vozidel. Proto v cen\u00edku nenaleznete b\u011b\u017en\u00e9 programy za myt\u00ed, ale individu\u00e1ln\u00ed a pestr\u00e9 slu\u017eby, abychom va\u0161emu vozidlu dok\u00e1zali &hellip;<\/p>\n<p class=\"read-more\"> <a class=\"\" href=\"https:\/\/bopgarage.cz\/?page_id=1710\"> <span class=\"screen-reader-text\">O n\u00e1s<\/span> Read More &raquo;<\/a><\/p>\n","protected":false},"author":1,"featured_media":0,"parent":0,"menu_order":0,"comment_status":"closed","ping_status":"closed","template":"","meta":{"site-sidebar-layout":"no-sidebar","site-content-layout":"page-builder","ast-site-content-layout":"","site-content-style":"default","site-sidebar-style":"default","ast-global-header-display":"","ast-banner-title-visibility":"","ast-main-header-display":"","ast-hfb-above-header-display":"","ast-hfb-below-header-display":"","ast-hfb-mobile-header-display":"","site-post-title":"disabled","ast-breadcrumbs-content":"","ast-featured-img":"disabled","footer-sml-layout":"","theme-transparent-header-meta":"enabled","adv-header-id-meta":"","stick-header-meta":"","header-above-stick-meta":"","header-main-stick-meta":"","header-below-stick-meta":"","astra-migrate-meta-layouts":"","ast-page-background-enabled":"default","ast-page-background-meta":{"desktop":{"background-color":"var(--ast-global-color-4)","background-image":"","background-repeat":"repeat","background-position":"center center","background-size":"auto","background-attachment":"scroll","background-type":"","background-media":"","overlay-type":"","overlay-color":"","overlay-gradient":""},"tablet":{"background-color":"","background-image":"","background-repeat":"repeat","background-position":"center center","background-size":"auto","background-attachment":"scroll","background-type":"","background-media":"","overlay-type":"","overlay-color":"","overlay-gradient":""},"mobile":{"background-color":"","background-image":"","background-repeat":"repeat","background-position":"center center","background-size":"auto","background-attachment":"scroll","background-type":"","background-media":"","overlay-type":"","overlay-color":"","overlay-gradient":""}},"ast-content-background-meta":{"desktop":{"background-color":"var(--ast-global-color-5)","background-image":"","background-repeat":"repeat","background-position":"center center","background-size":"auto","background-attachment":"scroll","background-type":"","background-media":"","overlay-type":"","overlay-color":"","overlay-gradient":""},"tablet":{"background-color":"var(--ast-global-color-5)","background-image":"","background-repeat":"repeat","background-position":"center center","background-size":"auto","background-attachment":"scroll","background-type":"","background-media":"","overlay-type":"","overlay-color":"","overlay-gradient":""},"mobile":{"background-color":"var(--ast-global-color-5)","background-image":"","background-repeat":"repeat","background-position":"center center","background-size":"auto","background-attachment":"scroll","background-type":"","background-media":"","overlay-type":"","overlay-color":"","overlay-gradient":""}},"footnotes":""},"_links":{"self":[{"href":"https:\/\/bopgarage.cz\/index.php?rest_route=\/wp\/v2\/pages\/1710"}],"collection":[{"href":"https:\/\/bopgarage.cz\/index.php?rest_route=\/wp\/v2\/pages"}],"about":[{"href":"https:\/\/bopgarage.cz\/index.php?rest_route=\/wp\/v2\/types\/page"}],"author":[{"embeddable":true,"href":"https:\/\/bopgarage.cz\/index.php?rest_route=\/wp\/v2\/users\/1"}],"replies":[{"embeddable":true,"href":"https:\/\/bopgarage.cz\/index.php?rest_route=%2Fwp%2Fv2%2Fcomments&post=1710"}],"version-history":[{"count":157,"href":"https:\/\/bopgarage.cz\/index.php?rest_route=\/wp\/v2\/pages\/1710\/revisions"}],"predecessor-version":[{"id":2742,"href":"https:\/\/bopgarage.cz\/index.php?rest_route=\/wp\/v2\/pages\/1710\/revisions\/2742"}],"wp:attachment":[{"href":"https:\/\/bopgarage.cz\/index.php?rest_route=%2Fwp%2Fv2%2Fmedia&parent=1710"}],"curies":[{"name":"wp","href":"https:\/\/api.w.org\/{rel}","templated":true}]}}